{"id":4400,"date":"2021-10-12T15:51:09","date_gmt":"2021-10-12T15:51:09","guid":{"rendered":"http:\/\/dummy.xtemos.com\/woodmart2\/elementor\/?page_id=4400"},"modified":"2025-03-02T18:17:55","modified_gmt":"2025-03-02T18:17:55","slug":"ueber-uns","status":"publish","type":"page","link":"https:\/\/bpa-racing.de\/en\/ueber-uns\/","title":{"rendered":"About us"},"content":{"rendered":"<div data-elementor-type=\"wp-page\" data-elementor-id=\"4400\" class=\"elementor elementor-4400\" data-elementor-post-type=\"page\">\n\t\t\t\t\t\t<section class=\"elementor-section elementor-top-section elementor-element elementor-element-05bdc48 elementor-section-boxed elementor-section-height-default elementor-section-height-default\" data-id=\"05bdc48\" data-element_type=\"section\">\n\t\t\t\t\t\t<div class=\"elementor-container elementor-column-gap-default\">\n\t\t\t\t\t<div class=\"elementor-column elementor-col-100 elementor-top-column elementor-element elementor-element-e9e472c\" data-id=\"e9e472c\" data-element_type=\"column\">\n\t\t\t<div class=\"elementor-widget-wrap elementor-element-populated\">\n\t\t\t\t\t\t<div class=\"elementor-element elementor-element-f796212 elementor-widget elementor-widget-wd_text_block\" data-id=\"f796212\" data-element_type=\"widget\" data-widget_type=\"wd_text_block.default\">\n\t\t\t\t<div class=\"elementor-widget-container\">\n\t\t\t\t\t\t\t<div class=\"wd-text-block reset-last-child text-left\">\n\t\t\t\n\t\t\t<p>Willkommen bei <strong>BPA-Racing<\/strong> \u2013 Ihrem offiziellen Vertriebspartner f\u00fcr BPA-Racing-Produkte in Europa!<\/p><p><strong>BPA-Racing: Hochwertiges Powersports-Zubeh\u00f6r f\u00fcr Abenteuer auf zwei und vier R\u00e4dern.<\/strong><\/p><p>Wir teilen eine gemeinsame Leidenschaft: <strong>die Begeisterung f\u00fcr Motorsport, Geschwindigkeit und grenzenlose Freiheit auf der Stra\u00dfe oder im Gel\u00e4nde.<\/strong><\/p><p>Egal, ob Sie Autos lieben oder auf Motorr\u00e4der schw\u00f6ren \u2013 bei <strong>BPA-Racing<\/strong> finden Sie erstklassiges Zubeh\u00f6r, das Ihre Fahrerlebnisse noch aufregender und sicherer macht. Unser Sortiment ist speziell daf\u00fcr entwickelt, <strong>die Performance Ihres Fahrzeugs zu optimieren und jedes Abenteuer unvergesslich zu machen.<\/strong><\/p><h3><strong>Qualit\u00e4t &amp; Innovation \u2013 Entwickelt f\u00fcr echte Fahrer<\/strong><\/h3><p>BPA-Racing steht f\u00fcr <strong>hochwertige Ingenieurskunst aus Deutschland<\/strong>, einem Land mit einer reichen Automobiltradition. Jedes unserer Produkte wird mit <strong>Pr\u00e4zision und Leidenschaft<\/strong> entwickelt, um h\u00f6chsten Anspr\u00fcchen gerecht zu werden.<\/p><h3><strong>Warum BPA-Racing?<\/strong><\/h3><p>\u2714 <strong>Offizieller Vertriebspartner f\u00fcr BPA-Racing-Produkte in Europa<\/strong><br \/>\u2714 <strong>Innovatives und praxiserprobtes Zubeh\u00f6r f\u00fcr Powersports-Fans<\/strong><br \/>\u2714 <strong>Hergestellt nach h\u00f6chsten Qualit\u00e4tsstandards f\u00fcr maximale Sicherheit &amp; Leistung<\/strong><br \/>\u2714 <strong>Perfekte Erg\u00e4nzung f\u00fcr anspruchsvolle Fahrer \u2013 egal ob auf oder abseits der Stra\u00dfe<\/strong><\/p><p>Erleben Sie die Kombination aus <strong>Pr\u00e4zision, Qualit\u00e4t und Performance<\/strong> mit BPA-Racing und machen Sie jede Fahrt zu einem einzigartigen Erlebnis!<\/p>\n\t\t\t\t\t<\/div>\n\t\t\t\t\t\t<\/div>\n\t\t\t\t<\/div>\n\t\t\t\t\t<\/div>\n\t\t<\/div>\n\t\t\t\t\t<\/div>\n\t\t<\/section>\n\t\t\t\t<\/div>","protected":false},"excerpt":{"rendered":"<p>Willkommen bei BPA-Racing \u2013 Ihrem offiziellen Vertriebspartner f\u00fcr BPA-Racing-Produkte in Europa! BPA-Racing: Hochwertiges Powersports-Zubeh\u00f6r f\u00fcr Abenteuer auf zwei und vier<\/p>","protected":false},"author":1,"featured_media":0,"parent":0,"menu_order":0,"comment_status":"closed","ping_status":"closed","template":"","meta":{"_acf_changed":false,"footnotes":""},"class_list":["post-4400","page","type-page","status-publish","hentry"],"acf":[],"jetpack_sharing_enabled":true,"_links":{"self":[{"href":"https:\/\/bpa-racing.de\/en\/wp-json\/wp\/v2\/pages\/4400","targetHints":{"allow":["GET"]}}],"collection":[{"href":"https:\/\/bpa-racing.de\/en\/wp-json\/wp\/v2\/pages"}],"about":[{"href":"https:\/\/bpa-racing.de\/en\/wp-json\/wp\/v2\/types\/page"}],"author":[{"embeddable":true,"href":"https:\/\/bpa-racing.de\/en\/wp-json\/wp\/v2\/users\/1"}],"replies":[{"embeddable":true,"href":"https:\/\/bpa-racing.de\/en\/wp-json\/wp\/v2\/comments?post=4400"}],"version-history":[{"count":27,"href":"https:\/\/bpa-racing.de\/en\/wp-json\/wp\/v2\/pages\/4400\/revisions"}],"predecessor-version":[{"id":18278,"href":"https:\/\/bpa-racing.de\/en\/wp-json\/wp\/v2\/pages\/4400\/revisions\/18278"}],"wp:attachment":[{"href":"https:\/\/bpa-racing.de\/en\/wp-json\/wp\/v2\/media?parent=4400"}],"curies":[{"name":"wp","href":"https:\/\/api.w.org\/{rel}","templated":true}]}}