{"id":18267,"date":"2025-03-02T18:02:16","date_gmt":"2025-03-02T18:02:16","guid":{"rendered":"https:\/\/bpa-racing.de\/?page_id=18267"},"modified":"2025-03-02T18:02:45","modified_gmt":"2025-03-02T18:02:45","slug":"agb","status":"publish","type":"page","link":"https:\/\/bpa-racing.de\/en\/agb\/","title":{"rendered":"GTC"},"content":{"rendered":"<div data-elementor-type=\"wp-page\" data-elementor-id=\"18267\" class=\"elementor elementor-18267\" data-elementor-post-type=\"page\">\n\t\t\t\t\t\t<section class=\"wd-negative-gap elementor-section elementor-top-section elementor-element elementor-element-c2a90a0 elementor-section-boxed elementor-section-height-default elementor-section-height-default\" data-id=\"c2a90a0\" data-element_type=\"section\">\n\t\t\t\t\t\t<div class=\"elementor-container elementor-column-gap-default\">\n\t\t\t\t\t<div class=\"elementor-column elementor-col-100 elementor-top-column elementor-element elementor-element-d768063\" data-id=\"d768063\" data-element_type=\"column\">\n\t\t\t<div class=\"elementor-widget-wrap elementor-element-populated\">\n\t\t\t\t\t\t<div class=\"elementor-element elementor-element-8ef6ecf elementor-widget elementor-widget-wd_text_block\" data-id=\"8ef6ecf\" data-element_type=\"widget\" data-widget_type=\"wd_text_block.default\">\n\t\t\t\t<div class=\"elementor-widget-container\">\n\t\t\t\t\t\t\t<div class=\"wd-text-block reset-last-child text-left\">\n\t\t\t\n\t\t\t<p data-pm-slice=\"1 1 []\"><strong>Allgemeine Gesch\u00e4ftsbedingungen (AGB)<\/strong><\/p><p><strong>1. Geltungsbereich<\/strong> Diese Allgemeinen Gesch\u00e4ftsbedingungen (AGB) gelten f\u00fcr alle Bestellungen, die \u00fcber unsere Website <a><strong>www.bpa-racing.de<\/strong><\/a> get\u00e4tigt werden. Betreiber der Website ist:<\/p><p><strong>Unternehmen:<\/strong> Cutean Trade &amp; Logistics<br \/><strong>Vertreten durch:<\/strong> Paul Cutean<br \/><strong>Adresse:<\/strong> Zum Westerberg 14, 38729 Langelsheim, Deutschland<br \/><strong>Telefon:<\/strong> +49 1512 046 1317<br \/><strong>E-Mail:<\/strong> <a>kontakt@bpa-racing.de<\/a><\/p><p><strong>2. Vertragspartner und Vertragsschluss<\/strong><\/p><ul data-spread=\"false\"><li><p>Die Darstellung der Produkte im Online-Shop stellt kein rechtlich bindendes Angebot dar, sondern eine Aufforderung zur Bestellung.<\/p><\/li><li><p>Durch Anklicken des Buttons \"Zahlungspflichtig bestellen\" geben Sie eine verbindliche Bestellung der auf der Bestellseite aufgef\u00fchrten Waren ab.<\/p><\/li><li><p>Der Kaufvertrag kommt erst durch unsere ausdr\u00fcckliche Auftragsbest\u00e4tigung oder den Versand der Ware zustande.<\/p><\/li><\/ul><p><strong>3. Preise und Zahlungsbedingungen<\/strong><\/p><ul data-spread=\"false\"><li><p>Alle angegebenen Preise verstehen sich inklusive der jeweils g\u00fcltigen gesetzlichen Mehrwertsteuer.<\/p><\/li><li><p>Versandkosten werden im Bestellprozess separat ausgewiesen.<\/p><\/li><li><p>Folgende Zahlungsarten werden akzeptiert:<\/p><ul data-spread=\"false\"><li><p>Vorkasse per \u00dcberweisung<\/p><\/li><li><p>PayPal<\/p><\/li><li><p>Kreditkarte<\/p><\/li><li><p>Klarna (Rechnungskauf, Ratenkauf)<\/p><\/li><\/ul><\/li><\/ul><p><strong>4. Lieferung und Versand<\/strong><\/p><ul data-spread=\"false\"><li><p>Die Lieferung erfolgt innerhalb Deutschlands und in weitere EU-L\u00e4nder.<\/p><\/li><li><p>Die Lieferzeit betr\u00e4gt in der Regel 2-5 Werktage, sofern nicht anders angegeben.<\/p><\/li><li><p>Sollte ein Artikel nicht verf\u00fcgbar sein, werden wir Sie umgehend informieren.<\/p><\/li><\/ul><p><strong>5. Widerrufsrecht<\/strong><\/p><ul data-spread=\"false\"><li><p>Verbraucher haben ein gesetzliches Widerrufsrecht von 14 Tagen.<\/p><\/li><li><p>Die Widerrufsfrist beginnt mit Erhalt der Ware.<\/p><\/li><li><p>Zur Aus\u00fcbung des Widerrufsrechts muss eine eindeutige Erkl\u00e4rung per E-Mail oder Post an uns gesendet werden.<\/p><\/li><li><p>Im Falle eines Widerrufs tragen Sie die unmittelbaren Kosten der R\u00fccksendung der Waren.<\/p><\/li><li><p>Weitere Informationen zum Widerrufsrecht finden Sie in unserer Widerrufsbelehrung.<\/p><\/li><\/ul><p><strong>6. Gew\u00e4hrleistung und Haftung<\/strong><\/p><ul data-spread=\"false\"><li><p>Es gelten die gesetzlichen Gew\u00e4hrleistungsrechte.<\/p><\/li><li><p>Anspr\u00fcche auf Schadensersatz sind ausgeschlossen, soweit nicht gesetzlich zwingend gehaftet wird (z. B. bei Vorsatz oder grober Fahrl\u00e4ssigkeit).<\/p><\/li><\/ul><p><strong>7. Eigentumsvorbehalt<\/strong><\/p><ul data-spread=\"false\"><li><p>Die Ware bleibt bis zur vollst\u00e4ndigen Zahlung unser Eigentum.<\/p><\/li><\/ul><p><strong>8. Datenschutz<\/strong><\/p><ul data-spread=\"false\"><li><p>Informationen zur Verarbeitung Ihrer personenbezogenen Daten finden Sie in unserer Datenschutzerkl\u00e4rung.<\/p><\/li><\/ul><p><strong>9. Streitbeilegung<\/strong><\/p><ul data-spread=\"false\"><li><p>Die Europ\u00e4ische Kommission stellt eine Plattform zur Online-Streitbeilegung (OS) bereit: <a href=\"https:\/\/ec.europa.eu\/consumers\/odr\">https:\/\/ec.europa.eu\/consumers\/odr<\/a>.<\/p><\/li><li><p>Wir sind nicht verpflichtet und nicht bereit, an Streitbeilegungsverfahren vor einer Verbraucherschlichtungsstelle teilzunehmen.<\/p><\/li><\/ul><p><strong>10. Schlussbestimmungen<\/strong><\/p><ul data-spread=\"false\"><li><p>Es gilt das Recht der Bundesrepublik Deutschland.<\/p><\/li><li><p>Sofern einzelne Bestimmungen dieser AGB unwirksam sind, bleibt die Wirksamkeit der \u00fcbrigen Bestimmungen unber\u00fchrt.<\/p><\/li><\/ul><p><strong>Stand: Februar 2025<\/strong><\/p>\n\t\t\t\t\t<\/div>\n\t\t\t\t\t\t<\/div>\n\t\t\t\t<\/div>\n\t\t\t\t\t<\/div>\n\t\t<\/div>\n\t\t\t\t\t<\/div>\n\t\t<\/section>\n\t\t\t\t<\/div>","protected":false},"excerpt":{"rendered":"<p>Allgemeine Gesch\u00e4ftsbedingungen (AGB) 1. Geltungsbereich Diese Allgemeinen Gesch\u00e4ftsbedingungen (AGB) gelten f\u00fcr alle Bestellungen, die \u00fcber unsere Website www.bpa-racing.de get\u00e4tigt werden.<\/p>","protected":false},"author":1,"featured_media":0,"parent":0,"menu_order":0,"comment_status":"closed","ping_status":"closed","template":"","meta":{"_acf_changed":false,"footnotes":""},"class_list":["post-18267","page","type-page","status-publish","hentry"],"acf":[],"jetpack_sharing_enabled":true,"_links":{"self":[{"href":"https:\/\/bpa-racing.de\/en\/wp-json\/wp\/v2\/pages\/18267","targetHints":{"allow":["GET"]}}],"collection":[{"href":"https:\/\/bpa-racing.de\/en\/wp-json\/wp\/v2\/pages"}],"about":[{"href":"https:\/\/bpa-racing.de\/en\/wp-json\/wp\/v2\/types\/page"}],"author":[{"embeddable":true,"href":"https:\/\/bpa-racing.de\/en\/wp-json\/wp\/v2\/users\/1"}],"replies":[{"embeddable":true,"href":"https:\/\/bpa-racing.de\/en\/wp-json\/wp\/v2\/comments?post=18267"}],"version-history":[{"count":4,"href":"https:\/\/bpa-racing.de\/en\/wp-json\/wp\/v2\/pages\/18267\/revisions"}],"predecessor-version":[{"id":18271,"href":"https:\/\/bpa-racing.de\/en\/wp-json\/wp\/v2\/pages\/18267\/revisions\/18271"}],"wp:attachment":[{"href":"https:\/\/bpa-racing.de\/en\/wp-json\/wp\/v2\/media?parent=18267"}],"curies":[{"name":"wp","href":"https:\/\/api.w.org\/{rel}","templated":true}]}}