{"id":18248,"date":"2025-03-02T17:41:12","date_gmt":"2025-03-02T17:41:12","guid":{"rendered":"https:\/\/bpa-racing.de\/?page_id=18248"},"modified":"2025-03-02T17:53:08","modified_gmt":"2025-03-02T17:53:08","slug":"datenschutzerklarung","status":"publish","type":"page","link":"https:\/\/bpa-racing.de\/en\/datenschutzerklarung\/","title":{"rendered":"Privacy policy"},"content":{"rendered":"<div data-elementor-type=\"wp-page\" data-elementor-id=\"18248\" class=\"elementor elementor-18248\" data-elementor-post-type=\"page\">\n\t\t\t\t\t\t<section class=\"wd-negative-gap elementor-section elementor-top-section elementor-element elementor-element-a380ebe elementor-section-boxed elementor-section-height-default elementor-section-height-default\" data-id=\"a380ebe\" data-element_type=\"section\">\n\t\t\t\t\t\t<div class=\"elementor-container elementor-column-gap-default\">\n\t\t\t\t\t<div class=\"elementor-column elementor-col-100 elementor-top-column elementor-element elementor-element-533b6510\" data-id=\"533b6510\" data-element_type=\"column\">\n\t\t\t<div class=\"elementor-widget-wrap elementor-element-populated\">\n\t\t\t\t\t\t<div class=\"elementor-element elementor-element-44279122 color-scheme-inherit text-left elementor-widget elementor-widget-text-editor\" data-id=\"44279122\" data-element_type=\"widget\" data-widget_type=\"text-editor.default\">\n\t\t\t\t<div class=\"elementor-widget-container\">\n\t\t\t\t\t\t\t\t\t<p><\/p>\n<p data-pm-slice=\"1 1 []\"><strong>Privacy policy<\/strong><\/p>\n<p><strong>1. Einleitung<\/strong> <br \/><br \/>Wir freuen uns \u00fcber Ihr Interesse an unserer Website <a><strong>www.bpa-racing.de<\/strong><\/a> und dem Schutz Ihrer pers\u00f6nlichen Daten. Der Schutz Ihrer Privatsph\u00e4re ist uns wichtig. Nachfolgend informieren wir Sie \u00fcber die Erhebung, Verarbeitung und Nutzung Ihrer personenbezogenen Daten gem\u00e4\u00df der aktuellen Datenschutz-Grundverordnung (DSGVO) und anderen geltenden Datenschutzgesetzen.<\/p>\n<p><strong>2. Verantwortliche Stelle<br \/><br \/><\/strong> Unternehmen: <strong>Cutean Trade &amp; Logistics<\/strong><br \/>Vertreten durch: <strong>Paul Cutean<\/strong><br \/>Adresse: <strong>Zum Westerberg 14, 38729 Langelsheim, Deutschland<\/strong><br \/>Telefon: <strong>+49 1512 046 1317<\/strong><br \/>E-Mail: <a><strong>kontakt@bpa-racing.de<\/strong><\/a><\/p>\n<p><strong>3. Erhebung und Speicherung personenbezogener Daten sowie Art und Zweck ihrer Verwendung<\/strong> <br \/><br \/>Wir erheben personenbezogene Daten in folgenden F\u00e4llen:<\/p>\n<ul data-spread=\"false\">\n<li>\n<p><strong>Beim Besuch der Website:<\/strong> Es werden automatisch technische Daten durch unseren Server erfasst (z. B. IP-Adresse, verwendeter Browser, Betriebssystem, Datum und Uhrzeit des Zugriffs). Diese Daten sind erforderlich, um eine reibungslose Nutzung der Website zu gew\u00e4hrleisten.<\/p>\n<\/li>\n<li>\n<p><strong>Bei Bestellungen:<\/strong> Wir erfassen Namen, Rechnungs- und Lieferadresse, Zahlungsinformationen sowie Kontaktdaten zur Bearbeitung Ihrer Bestellung.<\/p>\n<\/li>\n<li>\n<p><strong>Bei der Registrierung eines Kundenkontos:<\/strong> Sie haben die M\u00f6glichkeit, ein Konto zu erstellen, um Bestellungen schneller zu verwalten. Hierbei werden Ihre Login-Daten gespeichert.<\/p>\n<\/li>\n<li>\n<p><strong>Bei der Kontaktaufnahme:<\/strong> Falls Sie uns per E-Mail oder Kontaktformular kontaktieren, speichern wir Ihre Angaben zur Bearbeitung der Anfrage.<\/p>\n<\/li>\n<\/ul>\n<p><strong>4. Zahlungsabwicklung<\/strong> <br \/><br \/>Zur Abwicklung von Zahlungen arbeiten wir mit externen Zahlungsdienstleistern zusammen. Die Verarbeitung Ihrer Zahlungsinformationen erfolgt direkt \u00fcber diese Anbieter, z. B. PayPal, Klarna, Kreditkartenanbieter oder andere Zahlungsdienstleister. Die Datenschutzrichtlinien der jeweiligen Anbieter sind zu beachten.<\/p>\n<p><strong>5. Rechtsgrundlage der Verarbeitung<br \/><br \/><\/strong>Die Verarbeitung Ihrer Daten erfolgt gem\u00e4\u00df Art. 6 Abs. 1 DSGVO:<\/p>\n<ul data-spread=\"false\">\n<li>\n<p>Aufgrund Ihrer <strong>Einwilligung<\/strong> (Art. 6 Abs. 1 lit. a DSGVO)<\/p>\n<\/li>\n<li>\n<p>Zur <strong>Vertragserf\u00fcllung oder vorvertraglichen Ma\u00dfnahmen<\/strong> (Art. 6 Abs. 1 lit. b DSGVO)<\/p>\n<\/li>\n<li>\n<p>Aufgrund <strong>rechtlicher Verpflichtungen<\/strong> (Art. 6 Abs. 1 lit. c DSGVO)<\/p>\n<\/li>\n<li>\n<p>Zur Wahrung <strong>berechtigter Interessen<\/strong> (Art. 6 Abs. 1 lit. f DSGVO), z. B. zur Betrugspr\u00e4vention<\/p>\n<\/li>\n<\/ul>\n<p><strong>6. Weitergabe von Daten<br \/><br \/><\/strong> Eine Weitergabe Ihrer Daten erfolgt nur, wenn:<\/p>\n<ul data-spread=\"false\">\n<li>\n<p>dies zur Abwicklung Ihrer Bestellung erforderlich ist (z. B. Versanddienstleister, Zahlungsanbieter),<\/p>\n<\/li>\n<li>\n<p>wir gesetzlich dazu verpflichtet sind,<\/p>\n<\/li>\n<li>\n<p>es zur Wahrung unserer berechtigten Interessen erforderlich ist und kein \u00fcberwiegendes schutzw\u00fcrdiges Interesse Ihrerseits besteht.<\/p>\n<\/li>\n<\/ul>\n<p><strong>7. Speicherdauer<br \/><br \/><\/strong> Personenbezogene Daten werden nur solange gespeichert, wie dies f\u00fcr die jeweiligen Verarbeitungszwecke erforderlich ist oder gesetzliche Aufbewahrungsfristen bestehen (z. B. steuerliche Vorgaben).<\/p>\n<p><strong>8. Ihre Rechte<\/strong> <br \/><br \/>Sie haben das Recht auf:<\/p>\n<ul data-spread=\"false\">\n<li>\n<p><strong>Auskunft<\/strong> \u00fcber Ihre gespeicherten Daten (Art. 15 DSGVO)<\/p>\n<\/li>\n<li>\n<p><strong>Berichtigung<\/strong> unrichtiger Daten (Art. 16 DSGVO)<\/p>\n<\/li>\n<li>\n<p><strong>L\u00f6schung<\/strong> Ihrer Daten (Art. 17 DSGVO), sofern keine gesetzlichen Verpflichtungen entgegenstehen<\/p>\n<\/li>\n<li>\n<p><strong>Einschr\u00e4nkung der Verarbeitung<\/strong> (Art. 18 DSGVO)<\/p>\n<\/li>\n<li>\n<p><strong>Widerspruch<\/strong> gegen die Verarbeitung (Art. 21 DSGVO)<\/p>\n<\/li>\n<li>\n<p><strong>Daten\u00fcbertragbarkeit<\/strong> (Art. 20 DSGVO)<\/p>\n<\/li>\n<\/ul>\n<p>Sie haben zudem das Recht, eine Beschwerde bei einer <strong>Datenschutzaufsichtsbeh\u00f6rde<\/strong> einzureichen.<\/p>\n<p><strong>9. Cookies und Tracking-Technologien<\/strong> <br \/><br \/>Unsere Website verwendet <strong>Cookies<\/strong> und \u00e4hnliche Technologien, um die Nutzung zu analysieren und das Einkaufserlebnis zu verbessern.<\/p>\n<ul data-spread=\"false\">\n<li>\n<p>Sie k\u00f6nnen die Speicherung von Cookies in Ihren Browser-Einstellungen deaktivieren.<\/p>\n<\/li>\n<li>\n<p>F\u00fcr genauere Informationen zu Cookies, Drittanbieter-Tracking und Opt-Out-Optionen besuchen Sie bitte unsere <strong>Cookie-Richtlinie<\/strong>.<\/p>\n<\/li>\n<\/ul>\n<p><strong>10. Online-Marketing &amp; Analyse-Tools<\/strong> <br \/><br \/>Wir verwenden Dienste wie <strong>Google Analytics, Facebook Pixel<\/strong> oder \u00e4hnliche Tracking-Technologien, um unsere Marketingstrategien zu optimieren. Diese k\u00f6nnen durch entsprechende Einstellungen deaktiviert werden.<\/p>\n<p><strong>11. Social Media &amp; Plugins<br \/><br \/><\/strong> Unsere Website enth\u00e4lt Verlinkungen zu <strong>Facebook, Instagram und anderen sozialen Netzwerken<\/strong>. Sobald Sie auf eine dieser Verlinkungen klicken, gelten die Datenschutzbestimmungen des jeweiligen Anbieters.<\/p>\n<p><strong>12. Kontakt &amp; Datenschutzbeauftragter<br \/><br \/><\/strong> Falls Sie Fragen zum Datenschutz haben, k\u00f6nnen Sie uns unter den oben genannten Kontaktdaten erreichen.<\/p>\n<p><strong>13. \u00c4nderungen dieser Datenschutzerkl\u00e4rung<\/strong> <br \/><br \/>Wir behalten uns das Recht vor, diese Datenschutzerkl\u00e4rung jederzeit anzupassen, um sie an rechtliche Anforderungen oder \u00c4nderungen unserer Leistungen anzupassen.<\/p>\n<p><strong>Stand: Februar 2025<\/strong><\/p>\n<p><\/p>\t\t\t\t\t\t\t\t<\/div>\n\t\t\t\t<\/div>\n\t\t\t\t\t<\/div>\n\t\t<\/div>\n\t\t\t\t\t<\/div>\n\t\t<\/section>\n\t\t\t\t<\/div>","protected":false},"excerpt":{"rendered":"<p>Datenschutzerkl\u00e4rung 1. Einleitung Wir freuen uns \u00fcber Ihr Interesse an unserer Website www.bpa-racing.de und dem Schutz Ihrer pers\u00f6nlichen Daten. Der<\/p>","protected":false},"author":1,"featured_media":0,"parent":0,"menu_order":0,"comment_status":"closed","ping_status":"closed","template":"","meta":{"_acf_changed":false,"footnotes":""},"class_list":["post-18248","page","type-page","status-publish","hentry"],"acf":[],"jetpack_sharing_enabled":true,"_links":{"self":[{"href":"https:\/\/bpa-racing.de\/en\/wp-json\/wp\/v2\/pages\/18248","targetHints":{"allow":["GET"]}}],"collection":[{"href":"https:\/\/bpa-racing.de\/en\/wp-json\/wp\/v2\/pages"}],"about":[{"href":"https:\/\/bpa-racing.de\/en\/wp-json\/wp\/v2\/types\/page"}],"author":[{"embeddable":true,"href":"https:\/\/bpa-racing.de\/en\/wp-json\/wp\/v2\/users\/1"}],"replies":[{"embeddable":true,"href":"https:\/\/bpa-racing.de\/en\/wp-json\/wp\/v2\/comments?post=18248"}],"version-history":[{"count":10,"href":"https:\/\/bpa-racing.de\/en\/wp-json\/wp\/v2\/pages\/18248\/revisions"}],"predecessor-version":[{"id":18260,"href":"https:\/\/bpa-racing.de\/en\/wp-json\/wp\/v2\/pages\/18248\/revisions\/18260"}],"wp:attachment":[{"href":"https:\/\/bpa-racing.de\/en\/wp-json\/wp\/v2\/media?parent=18248"}],"curies":[{"name":"wp","href":"https:\/\/api.w.org\/{rel}","templated":true}]}}