{"id":16459,"date":"2023-08-15T00:24:02","date_gmt":"2023-08-15T00:24:02","guid":{"rendered":"https:\/\/bpa-racing.de\/?page_id=16459"},"modified":"2025-03-02T18:29:21","modified_gmt":"2025-03-02T18:29:21","slug":"widerrufsrecht","status":"publish","type":"page","link":"https:\/\/bpa-racing.de\/en\/widerrufsrecht\/","title":{"rendered":"Right of withdrawal"},"content":{"rendered":"<div data-elementor-type=\"wp-page\" data-elementor-id=\"16459\" class=\"elementor elementor-16459\" data-elementor-post-type=\"page\">\n\t\t\t\t\t\t<section class=\"elementor-section elementor-top-section elementor-element elementor-element-fdf538b elementor-section-boxed elementor-section-height-default elementor-section-height-default\" data-id=\"fdf538b\" data-element_type=\"section\">\n\t\t\t\t\t\t<div class=\"elementor-container elementor-column-gap-default\">\n\t\t\t\t\t<div class=\"elementor-column elementor-col-100 elementor-top-column elementor-element elementor-element-545533a\" data-id=\"545533a\" data-element_type=\"column\">\n\t\t\t<div class=\"elementor-widget-wrap elementor-element-populated\">\n\t\t\t\t\t\t<div class=\"elementor-element elementor-element-5dfc9e0 elementor-widget elementor-widget-wd_text_block\" data-id=\"5dfc9e0\" data-element_type=\"widget\" data-widget_type=\"wd_text_block.default\">\n\t\t\t\t<div class=\"elementor-widget-container\">\n\t\t\t\t\t\t\t<div class=\"wd-text-block reset-last-child text-left\">\n\t\t\t\n\t\t\t<p data-pm-slice=\"1 1 []\"><strong>Widerrufsbelehrung<\/strong><\/p><p><strong>1. Widerrufsrecht<\/strong><\/p><p>Sie haben das Recht, binnen <strong>14 Tagen ohne Angabe von Gr\u00fcnden<\/strong> diesen Vertrag zu widerrufen. Die Widerrufsfrist betr\u00e4gt <strong>14 Tage ab dem Tag<\/strong>, an dem Sie oder ein von Ihnen benannter Dritter, der nicht der Bef\u00f6rderer ist, die Waren in Besitz genommen haben bzw. hat.<\/p><p>Um Ihr Widerrufsrecht auszu\u00fcben, m\u00fcssen Sie uns (<strong>Cutean Trade &amp; Logistics, Zum Westerberg 14, 38729 Langelsheim, Deutschland, E-Mail: <\/strong><a><strong>kontakt@bpa-racing.de<\/strong><\/a><strong>, Telefon: +49 1512 046 1317<\/strong>) mittels einer eindeutigen Erkl\u00e4rung (z. B. ein mit der Post versandter Brief oder eine E-Mail) \u00fcber Ihren Entschluss, diesen Vertrag zu widerrufen, informieren.<\/p><p>Sie k\u00f6nnen daf\u00fcr das <strong>nachstehende Muster-Widerrufsformular<\/strong> verwenden, das jedoch nicht vorgeschrieben ist.<\/p><p>Zur Wahrung der Widerrufsfrist reicht es aus, dass Sie die Mitteilung \u00fcber die Aus\u00fcbung des Widerrufsrechts vor Ablauf der Widerrufsfrist absenden.<\/p><p><strong>2. Folgen des Widerrufs<\/strong><\/p><p>Wenn Sie diesen Vertrag widerrufen, haben wir Ihnen alle Zahlungen, die wir von Ihnen erhalten haben, einschlie\u00dflich der Lieferkosten (mit Ausnahme der zus\u00e4tzlichen Kosten, die sich daraus ergeben, dass Sie eine andere Art der Lieferung als die von uns angebotene, g\u00fcnstigste Standardlieferung gew\u00e4hlt haben), unverz\u00fcglich und sp\u00e4testens binnen <strong>14 Tagen ab dem Tag<\/strong> zur\u00fcckzuzahlen, an dem die Mitteilung \u00fcber Ihren Widerruf dieses Vertrags bei uns eingegangen ist.<\/p><p>F\u00fcr diese R\u00fcckzahlung verwenden wir dasselbe Zahlungsmittel, das Sie bei der urspr\u00fcnglichen Transaktion eingesetzt haben, es sei denn, mit Ihnen wurde ausdr\u00fccklich etwas anderes vereinbart. In keinem Fall werden Ihnen wegen dieser R\u00fcckzahlung Entgelte berechnet.<\/p><p>Wir k\u00f6nnen die R\u00fcckzahlung verweigern, bis wir die Waren wieder zur\u00fcckerhalten haben oder bis Sie den Nachweis erbracht haben, dass Sie die Waren zur\u00fcckgesandt haben, je nachdem, welches der fr\u00fchere Zeitpunkt ist.<\/p><p>Sie haben die Waren unverz\u00fcglich und in jedem Fall sp\u00e4testens binnen <strong>14 Tagen ab dem Tag<\/strong>, an dem Sie uns \u00fcber den Widerruf dieses Vertrags unterrichten, an uns zur\u00fcckzusenden oder zu \u00fcbergeben. Die Frist ist gewahrt, wenn Sie die Waren vor Ablauf der Frist von 14 Tagen absenden.<\/p><p><strong>Sie tragen die unmittelbaren Kosten der R\u00fccksendung der Waren.<\/strong><\/p><p>Sie m\u00fcssen f\u00fcr einen etwaigen Wertverlust der Waren nur aufkommen, wenn dieser Wertverlust auf einen zur Pr\u00fcfung der Beschaffenheit, Eigenschaften und Funktionsweise der Waren nicht notwendigen Umgang mit ihnen zur\u00fcckzuf\u00fchren ist.<\/p><div><hr \/><\/div><p><strong>Muster-Widerrufsformular<\/strong><\/p><p>(Wenn Sie den Vertrag widerrufen wollen, dann f\u00fcllen Sie bitte dieses Formular aus und senden es zur\u00fcck.)<\/p><p><strong>An:<\/strong><br \/>Cutean Trade &amp; Logistics<br \/>Zum Westerberg 14<br \/>38729 Langelsheim<br \/>E-Mail: <a>kontakt@bpa-racing.de<\/a><\/p><p>Hiermit widerrufe(n) ich\/wir (<em>) den von mir\/uns (<\/em>) abgeschlossenen Vertrag \u00fcber den Kauf der folgenden Waren (*):<\/p><ul data-spread=\"false\"><li><p>Bestellt am (<em>) \/ erhalten am (<\/em>):<\/p><\/li><li><p>Name des\/der Verbraucher(s):<\/p><\/li><li><p>Anschrift des\/der Verbraucher(s):<\/p><\/li><li><p>Datum:<\/p><\/li><li><p>Unterschrift des\/der Verbraucher(s) (nur bei Mitteilung auf Papier erforderlich):<\/p><\/li><\/ul><p>(*) Unzutreffendes bitte streichen.<\/p><div><hr \/><\/div><p><strong>Ausschluss bzw. vorzeitiges Erl\u00f6schen des Widerrufsrechts<\/strong><\/p><p>Das Widerrufsrecht besteht <strong>nicht<\/strong> bei Vertr\u00e4gen zur Lieferung von Waren, die <strong>nicht vorgefertigt sind<\/strong> und f\u00fcr deren Herstellung eine <strong>individuelle Auswahl oder Bestimmung durch den Verbraucher ma\u00dfgeblich ist<\/strong> oder die <strong>eindeutig auf die pers\u00f6nlichen Bed\u00fcrfnisse des Verbrauchers zugeschnitten sind<\/strong>.<\/p><p>Das Widerrufsrecht erlischt vorzeitig bei Vertr\u00e4gen zur Lieferung versiegelter Waren, die aus Gr\u00fcnden des Gesundheitsschutzes oder der Hygiene nicht zur R\u00fcckgabe geeignet sind, wenn ihre Versiegelung nach der Lieferung entfernt wurde.<\/p><p><strong>Stand: Februar 2025<\/strong><\/p>\n\t\t\t\t\t<\/div>\n\t\t\t\t\t\t<\/div>\n\t\t\t\t<\/div>\n\t\t\t\t\t<\/div>\n\t\t<\/div>\n\t\t\t\t\t<\/div>\n\t\t<\/section>\n\t\t\t\t<\/div>","protected":false},"excerpt":{"rendered":"<p>Widerrufsbelehrung 1. Widerrufsrecht Sie haben das Recht, binnen 14 Tagen ohne Angabe von Gr\u00fcnden diesen Vertrag zu widerrufen. Die Widerrufsfrist<\/p>","protected":false},"author":1,"featured_media":0,"parent":0,"menu_order":0,"comment_status":"closed","ping_status":"closed","template":"elementor_header_footer","meta":{"_acf_changed":false,"footnotes":""},"class_list":["post-16459","page","type-page","status-publish","hentry"],"acf":[],"jetpack_sharing_enabled":true,"_links":{"self":[{"href":"https:\/\/bpa-racing.de\/en\/wp-json\/wp\/v2\/pages\/16459","targetHints":{"allow":["GET"]}}],"collection":[{"href":"https:\/\/bpa-racing.de\/en\/wp-json\/wp\/v2\/pages"}],"about":[{"href":"https:\/\/bpa-racing.de\/en\/wp-json\/wp\/v2\/types\/page"}],"author":[{"embeddable":true,"href":"https:\/\/bpa-racing.de\/en\/wp-json\/wp\/v2\/users\/1"}],"replies":[{"embeddable":true,"href":"https:\/\/bpa-racing.de\/en\/wp-json\/wp\/v2\/comments?post=16459"}],"version-history":[{"count":9,"href":"https:\/\/bpa-racing.de\/en\/wp-json\/wp\/v2\/pages\/16459\/revisions"}],"predecessor-version":[{"id":18286,"href":"https:\/\/bpa-racing.de\/en\/wp-json\/wp\/v2\/pages\/16459\/revisions\/18286"}],"wp:attachment":[{"href":"https:\/\/bpa-racing.de\/en\/wp-json\/wp\/v2\/media?parent=16459"}],"curies":[{"name":"wp","href":"https:\/\/api.w.org\/{rel}","templated":true}]}}